{"id":25985,"date":"2025-03-07T07:43:54","date_gmt":"2025-03-07T07:43:54","guid":{"rendered":"https:\/\/hypnocode.lt\/?page_id=25985"},"modified":"2025-05-21T17:04:44","modified_gmt":"2025-05-21T17:04:44","slug":"auksiniai-raktai-i-lengva-lieknejima-hipnoterapine-kelione","status":"publish","type":"page","link":"https:\/\/hypnocode.lt\/en\/auksiniai-raktai-i-lengva-lieknejima-hipnoterapine-kelione\/","title":{"rendered":"Auksiniai Raktai \u012f Lengv\u0105 Liekn\u0117jim\u0105 \u2013 Hipnoterapin\u0117 Kelion\u0117"},"content":{"rendered":"<div data-elementor-type=\"wp-page\" data-elementor-id=\"25985\" class=\"elementor elementor-25985\" data-elementor-post-type=\"page\">\n\t\t\t\t\t\t<section class=\"elementor-section elementor-top-section elementor-element elementor-element-aac8df8 elementor-section-full_width elementor-section-stretched elementor-section-height-default elementor-section-height-default sc_fly_static\" data-id=\"aac8df8\" data-element_type=\"section\" data-settings=\"{&quot;stretch_section&quot;:&quot;section-stretched&quot;,&quot;background_background&quot;:&quot;classic&quot;}\">\n\t\t\t\t\t\t<div class=\"elementor-container elementor-column-gap-extended\">\n\t\t\t\t\t<div class=\"elementor-column elementor-col-100 elementor-top-column elementor-element elementor-element-3bf7701 sc_content_align_inherit sc_layouts_column_icons_position_left sc_fly_static\" data-id=\"3bf7701\" data-element_type=\"column\">\n\t\t\t<div class=\"elementor-widget-wrap elementor-element-populated\">\n\t\t\t\t\t\t<section class=\"elementor-section elementor-inner-section elementor-element elementor-element-217e28f elementor-section-boxed elementor-section-height-default elementor-section-height-default sc_fly_static\" data-id=\"217e28f\" data-element_type=\"section\" data-settings=\"{&quot;background_background&quot;:&quot;classic&quot;}\">\n\t\t\t\t\t\t<div class=\"elementor-container elementor-column-gap-extended\">\n\t\t\t\t\t<div class=\"elementor-column elementor-col-100 elementor-inner-column elementor-element elementor-element-e0fe75b sc_content_align_inherit sc_layouts_column_icons_position_left sc_fly_static\" data-id=\"e0fe75b\" data-element_type=\"column\">\n\t\t\t<div class=\"elementor-widget-wrap elementor-element-populated\">\n\t\t\t\t\t\t<div class=\"elementor-element elementor-element-dc7c483 sc_fly_static elementor-widget elementor-widget-trx_widget_audio\" data-id=\"dc7c483\" data-element_type=\"widget\" data-widget_type=\"trx_widget_audio.default\">\n\t\t\t\t<div class=\"elementor-widget-container\">\n\t\t\t\t\t<div class=\"widget_area sc_widget_audio\"><aside class=\"widget widget_audio\"><div class=\"trx_addons_audio_wrap\">\n\t\t<div class=\"trx_addons_audio_list\">\n\t\t\t\t\t\t<div class=\"trx_addons_audio_player\t\t\t\t with_cover\"\n\t\t\t\t>\n                    <div class=\"trx_addons_audio_player_image\"\n                     style=\"background-image:url(\/\/hypnocode.lt\/wp-content\/uploads\/2025\/03\/lengvas-lieknejimas-1-scaled.webp);\"><\/div>\n\n\t\t\t\t\t<div class=\"trx_addons_audio_player_wrap\">\n                    \t\t\t\t\t\t<div class=\"audio_info\">\n\t\t\t\t\t\t\t<h5 class=\"audio_now_playing\">Garso \u012fra\u0161as<\/h5>\t\t\t\t\t\t\t\t<h5 class=\"audio_caption\">Auksiniai Raktai \u012f Lengv\u0105 Liekn\u0117jim\u0105 \u2013 Hipnoterapin\u0117 Kelion\u0117<\/h5>\n\t\t\t\t\t\t\t\t\t\t\t\t\t\t<\/div>\n\t\t\t\t\t\t\t\t\t\t\t<div class=\"audio_frame audio_local\">\n\t\t\t\t\t<!--[if lt IE 9]><script>document.createElement('audio');<\/script><![endif]-->\n<audio data-src=\"https:\/\/hypnocode.lt\/wp-content\/uploads\/2025\/03\/5raktaiB.mp3\" data-cover=\"\/\/hypnocode.lt\/wp-content\/uploads\/2025\/03\/lengvas-lieknejimas-1-scaled.webp\" data-caption=\"Auksiniai Raktai \u012f Lengv\u0105 Liekn\u0117jim\u0105 \u2013 Hipnoterapin\u0117 Kelion\u0117\" data-author=\"\" class=\"wp-audio-shortcode\" id=\"audio-25985-1\" preload=\"none\" style=\"width: 100%;\" controls=\"controls\"><source type=\"audio\/mpeg\" src=\"https:\/\/hypnocode.lt\/wp-content\/uploads\/2025\/03\/5raktaiB.mp3?_=1\" \/><a href=\"https:\/\/hypnocode.lt\/wp-content\/uploads\/2025\/03\/5raktaiB.mp3\">https:\/\/hypnocode.lt\/wp-content\/uploads\/2025\/03\/5raktaiB.mp3<\/a><\/audio>\t\t\t\t\t<\/div>\n\t\t\t\t<\/div>\n\t\t\t<\/div>\n\t\t\t\t\t<\/div>\n\t<\/div><\/aside><\/div>\t\t\t\t<\/div>\n\t\t\t\t<\/div>\n\t\t\t\t\t<\/div>\n\t\t<\/div>\n\t\t\t\t\t<\/div>\n\t\t<\/section>\n\t\t\t\t\t<\/div>\n\t\t<\/div>\n\t\t\t\t\t<\/div>\n\t\t<\/section>\n\t\t\t\t<section class=\"elementor-section elementor-top-section elementor-element elementor-element-0393486 elementor-section-boxed elementor-section-height-default elementor-section-height-default sc_fly_static\" data-id=\"0393486\" data-element_type=\"section\">\n\t\t\t\t\t\t<div class=\"elementor-container elementor-column-gap-extended\">\n\t\t\t\t\t<div class=\"elementor-column elementor-col-100 elementor-top-column elementor-element elementor-element-8d2b62e sc_content_align_inherit sc_layouts_column_icons_position_left sc_fly_static\" data-id=\"8d2b62e\" data-element_type=\"column\">\n\t\t\t<div class=\"elementor-widget-wrap elementor-element-populated\">\n\t\t\t\t\t\t<div class=\"elementor-element elementor-element-0afce32 sc_fly_static elementor-widget elementor-widget-text-editor\" data-id=\"0afce32\" data-element_type=\"widget\" data-widget_type=\"text-editor.default\">\n\t\t\t\t<div class=\"elementor-widget-container\">\n\t\t\t\t\t\t\t\t\t<p><span style=\"font-weight: 400;\">Atrakinkite savo pas\u0105mon\u0117s gali\u0105 ir leiskit\u0117s \u012f transformuojan\u010di\u0105 kelion\u0119 su <\/span><b>\u201eAuksiniai Raktai \u012f Lengv\u0105 Liekn\u0117jim\u0105&#8221;<\/b><span style=\"font-weight: 400;\"> \u2013 tai gilus, 39min trukm\u0117s atpalaiduojantis hipnoterapijos \u012fra\u0161as, padedantis perprogramuoti j\u016bs\u0173 mintis lengvam ir nat\u016braliam svorio ma\u017einimui bei meil\u0117s sau stiprinimui.<\/span><\/p><p><span style=\"font-weight: 400;\">\u0160iame \u0161velniame ir \u012fgalinan\u010diame seanse b\u016bsite vedami per magi\u0161k\u0105j\u0105 <\/span><b>\u201ePasak\u0173 Pil\u012f&#8221;<\/b><span style=\"font-weight: 400;\">, kurioje atrasite penkis ypatingus kambarius. Kiekvienas kambarys atskleis esmines prie\u017eastis, kod\u0117l sunku mesti svor\u012f, ir suteiks gili\u0173, pas\u0105mon\u0117je \u012fsitvirtinan\u010di\u0173 sprendim\u0173:<\/span><\/p><p><span style=\"font-weight: 400;\">\ud83d\udd11 <\/span><b>1 kambarys: Persivalgymas ir Fizinio Aktyvumo Stoka<\/b><span style=\"font-weight: 400;\"> \u2013 Suformuokite intuityv\u0173 \u012fprot\u012f rinktis ma\u017eesnes porcijas ir m\u0117gautis jud\u0117jimu be pastang\u0173.<\/span><span style=\"font-weight: 400;\"><br \/><\/span><span style=\"font-weight: 400;\">\ud83d\udd11 <\/span><b>2 kambarys: Emocinis Valgymas<\/b><span style=\"font-weight: 400;\"> \u2013 I\u0161mokite raminti emocijas nepasitelkiant maisto ir i\u0161sivaduokite i\u0161 u\u017eburtos persivalgymo grandin\u0117s.<\/span><span style=\"font-weight: 400;\"><br \/><\/span><span style=\"font-weight: 400;\">\ud83d\udd11 <\/span><b>3 kambarys: Nusiteikimas <\/b><span style=\"font-weight: 400;\">\u2013 Kurkite pozityv\u0173 vidin\u012f dialog\u0105 ir tik\u0117jim\u0105 savimi, kuris pad\u0117s i\u0161laikyti sveikus \u012fpro\u010dius ilgalaik\u0117je perspektyvoje.<\/span><span style=\"font-weight: 400;\"><br \/><\/span><span style=\"font-weight: 400;\">\ud83d\udd11 <\/span><b>4 kambarys: Motyvacijos Palaikymas<\/b><span style=\"font-weight: 400;\"> \u2013 Atraskite, kaip sukurti vidin\u0119 motyvacij\u0105 ir i\u0161likti kelyje link savo tiksl\u0173 lengvai ir nat\u016braliai.<\/span><span style=\"font-weight: 400;\"><br \/><\/span><span style=\"font-weight: 400;\">\ud83d\udd11 <\/span><b>5 kambarys: Naujas Tapatumas<\/b><span style=\"font-weight: 400;\"> \u2013 Tapkite moterimi, kuri lengvai r\u016bpinasi savimi, renkasi sveikus sprendimus ir jau\u010diasi gerai savo k\u016bne.<\/span><\/p><p><span style=\"font-weight: 400;\">Per <\/span><b>gilios relaksacijos technikas<\/b><span style=\"font-weight: 400;\">, <\/span><b>subtilius pas\u0105moninius pasi\u016blymus<\/b><span style=\"font-weight: 400;\"> ir <\/span><b>vaizdines metaforas<\/b><span style=\"font-weight: 400;\"> j\u016bs paleisite ribojan\u010dius \u012fsitikinimus, formuosite naujus \u012fpro\u010dius ir kursite pozityv\u0173 santyk\u012f su savo k\u016bnu. Kiekvien\u0105 kart\u0105 klausydami \u0161io \u012fra\u0161o, dar labiau art\u0117site prie savo svajoni\u0173 versijos \u2013 lengvai ir nat\u016braliai.<\/span><\/p><p><span style=\"font-weight: 400;\">\ud83c\udf1f <\/span><b>K\u0105 J\u016bs I\u0161girsite ir Pajusite:<\/b><b><br \/><\/b><span style=\"font-weight: 400;\">\u2705 Pasitik\u0117jim\u0105 savimi ir savo geb\u0117jimu valdyti valgymo \u012fpro\u010dius.<\/span><span style=\"font-weight: 400;\"><br \/><\/span><span style=\"font-weight: 400;\">\u2705 Emocin\u0119 laisv\u0119 \u2013 i\u0161moksite atpa\u017einti ir paleisti emocijas be maisto.<\/span><span style=\"font-weight: 400;\"><br \/><\/span><span style=\"font-weight: 400;\">\u2705 Nuolatin\u0119, vidin\u0119 motyvacij\u0105 siekti savo geriausios versijos.<\/span><span style=\"font-weight: 400;\"><br \/><\/span><span style=\"font-weight: 400;\">\u2705 Nauj\u0105 identitet\u0105 \u2013 tapsite moterimi, kuri intuityviai renkasi sveik\u0105 gyvenimo b\u016bd\u0105.<\/span><\/p><p><span style=\"font-weight: 400;\">Leiskite \u0161iam \u012fra\u0161ui tapti j\u016bs\u0173 kasdieniu pagalbininku, padedan\u010diu kurti sveikus \u012fpro\u010dius ir myl\u0117ti save i\u0161 naujo. Rekomenduojama klausytis tris savaites.<\/span><\/p>\t\t\t\t\t\t\t\t<\/div>\n\t\t\t\t<\/div>\n\t\t\t\t\t<\/div>\n\t\t<\/div>\n\t\t\t\t\t<\/div>\n\t\t<\/section>\n\t\t\t\t<\/div>","protected":false},"excerpt":{"rendered":"<p>Garso \u012fra\u0161as Auksiniai Raktai \u012f Lengv\u0105 Liekn\u0117jim\u0105 \u2013 Hipnoterapin\u0117 Kelion\u0117 https:\/\/hypnocode.lt\/wp-content\/uploads\/2025\/03\/5raktaiB.mp3 Atrakinkite savo pas\u0105mon\u0117s gali\u0105 ir leiskit\u0117s \u012f transformuojan\u010di\u0105 kelion\u0119 su \u201eAuksiniai Raktai \u012f Lengv\u0105 Liekn\u0117jim\u0105&#8221; \u2013 tai gilus, 39min&hellip;<\/p>","protected":false},"author":1,"featured_media":0,"parent":0,"menu_order":0,"comment_status":"closed","ping_status":"closed","template":"","meta":{"prwc_products":"","prwc_not_all_products_required":false,"prwc_not_bought_page":"","prwc_redirect_not_bought":false,"prwc_not_logged_in_page":"2334","prwc_redirect_not_logged_in":false,"prwc_timeout_days":0,"prwc_timeout_hours":0,"prwc_timeout_minutes":0,"prwc_timeout_seconds":0,"prwc_timeout_views":0,"footnotes":""},"class_list":["post-25985","page","type-page","status-publish","hentry"],"aioseo_notices":[],"_links":{"self":[{"href":"https:\/\/hypnocode.lt\/en\/wp-json\/wp\/v2\/pages\/25985","targetHints":{"allow":["GET"]}}],"collection":[{"href":"https:\/\/hypnocode.lt\/en\/wp-json\/wp\/v2\/pages"}],"about":[{"href":"https:\/\/hypnocode.lt\/en\/wp-json\/wp\/v2\/types\/page"}],"author":[{"embeddable":true,"href":"https:\/\/hypnocode.lt\/en\/wp-json\/wp\/v2\/users\/1"}],"replies":[{"embeddable":true,"href":"https:\/\/hypnocode.lt\/en\/wp-json\/wp\/v2\/comments?post=25985"}],"version-history":[{"count":7,"href":"https:\/\/hypnocode.lt\/en\/wp-json\/wp\/v2\/pages\/25985\/revisions"}],"predecessor-version":[{"id":26058,"href":"https:\/\/hypnocode.lt\/en\/wp-json\/wp\/v2\/pages\/25985\/revisions\/26058"}],"wp:attachment":[{"href":"https:\/\/hypnocode.lt\/en\/wp-json\/wp\/v2\/media?parent=25985"}],"curies":[{"name":"wp","href":"https:\/\/api.w.org\/{rel}","templated":true}]}}